{"id":62,"date":"2017-04-06T12:51:53","date_gmt":"2017-04-06T12:51:53","guid":{"rendered":"https:\/\/test.salomadvocada.es\/?page_id=62"},"modified":"2025-12-30T12:23:35","modified_gmt":"2025-12-30T10:23:35","slug":"sobre-mi","status":"publish","type":"page","link":"https:\/\/salomadvocada.es\/es\/sobre-mi\/","title":{"rendered":"Sobre mi"},"content":{"rendered":"<div class=\"wpb-content-wrapper\"><p>[vc_row][vc_column][vc_empty_space height=\u00bb8.6em\u00bb alter_height=\u00bbnone\u00bb hide_on_mobile=\u00bb\u00bb][\/vc_column][vc_column width=\u00bb1\/2&#8243;][vc_single_image image=\u00bb1956&#8243; img_size=\u00bbfull\u00bb css=\u00bb\u00bb][vc_empty_space height=\u00bb4em\u00bb alter_height=\u00bbnone\u00bb hide_on_mobile=\u00bb\u00bb][\/vc_column][vc_column width=\u00bb1\/2&#8243;][vc_column_text css=\u00bb\u00bb]<\/p>\n<h2 style=\"margin-bottom: 0.4em;\">Hola, soy Alicia Salom.<\/h2>\n<p><span class=\"trx_addons_dropcap trx_addons_dropcap_style_1\">S<\/span>oy abogada aut\u00f3noma desde 2010, licenciada en Derecho por la Universitat de les Illes Balears, y me dedico a ofrecer asesoramiento legal tanto a particulares como a empresas.<\/p>\n<p>Inici\u00e9 mi trayectoria realizando pr\u00e1cticas en un despacho en Manacor, donde adquir\u00ed una primera visi\u00f3n directa del ejercicio de la profesi\u00f3n. Posteriormente, trabaj\u00e9 en<br \/>\nun despacho en Palma, una etapa clave en la que consolid\u00e9 experiencia en distintas \u00e1reas del Derecho y reforc\u00e9 mi vocaci\u00f3n por un trato cercano y claro con el cliente.<br \/>\nCon los a\u00f1os decid\u00ed emprender mi propio camino y comenzar a ejercer por mi cuenta, lo que me ha permitido desarrollar un m\u00e9todo de trabajo m\u00e1s flexible, personalizado y orientado a resultados. Actualmente cuento con despacho en <strong>Palma e Inca<\/strong>, desde donde atiendo tanto a particulares como a empresas.<\/p>\n<p>Mi actividad se centra en ofrecer un servicio profesional, preciso y adaptado a cada caso, garantizando un seguimiento completo y riguroso de los procedimientos legales. Cada cliente recibe un tratamiento individualizado, basado en la claridad, la eficacia y el cumplimiento estricto de los est\u00e1ndares legales.[\/vc_column_text][vc_empty_space height=\u00bb3.7em\u00bb alter_height=\u00bbnone\u00bb hide_on_mobile=\u00bb\u00bb][vc_column_text css=\u00bb\u00bb]<\/p>\n<h4 style=\"margin-bottom: 0.6em;\">Contacta conmigo<\/h4>\n<p><dfn>Llama: <a href=\"tel:633447667\">633 44 76 67<\/a><br \/>\nEmail: <a href=\"mailto:aliciasalomrubio@gmail.com\">aliciasalomrubio@gmail.com<\/a><\/dfn>[\/vc_column_text][vc_empty_space height=\u00bb3.8em\u00bb alter_height=\u00bbnone\u00bb hide_on_mobile=\u00bb\u00bb][vc_single_image image=\u00bb1834&#8243; img_size=\u00bbmedium\u00bb css=\u00bb.vc_custom_1759404254454{margin-top: -60px !important;}\u00bb][vc_empty_space height=\u00bb4em\u00bb alter_height=\u00bbnone\u00bb hide_on_mobile=\u00bb\u00bb][\/vc_column][vc_column][vc_empty_space height=\u00bb8em\u00bb alter_height=\u00bbnone\u00bb hide_on_mobile=\u00bb\u00bb][\/vc_column][\/vc_row][vc_row full_width=\u00bbstretch_row_content_no_spaces\u00bb scheme=\u00bbdark\u00bb css=\u00bb.vc_custom_1496767216295{margin-right: 0px !important;margin-left: 0px !important;background-image: url(https:\/\/test.salomadvocada.es\/wp-content\/uploads\/2017\/04\/bg-3.jpg?id=704) !important;background-position: center !important;background-repeat: no-repeat !important;background-size: cover !important;}\u00bb][vc_column width=\u00bb1\/12&#8243;][\/vc_column][vc_column width=\u00bb5\/6&#8243;][vc_empty_space height=\u00bb6.6em\u00bb alter_height=\u00bbnone\u00bb hide_on_mobile=\u00bb\u00bb]<div id=\"sc_title_1101156766\"\n\t\tclass=\"sc_title color_style_default sc_title_default  vc_custom_1759404763099\"><h3 class=\"sc_item_title sc_title_title sc_align_center sc_item_title_style_default\">Cada conflicto tiene soluci\u00f3n<br>\u2014 mi compromiso es defender tus<br>intereses con firmeza y cercan\u00eda.<\/h3><\/div><!-- \/.sc_title -->[vc_column_text css=\u00bb\u00bb]<\/p>\n<p style=\"text-align: center;\"><dfn>Consulta con una abogada con m\u00e1s de una d\u00e9cada de experiencia.<\/dfn><\/p>\n<p>[\/vc_column_text][vc_empty_space height=\u00bb2.8em\u00bb alter_height=\u00bbnone\u00bb hide_on_mobile=\u00bb\u00bb]<div class=\"sc_item_button sc_button_wrap sc_align_center\"><a href=\"\/contacto\/\" id=\"sc_button_194267165\" class=\"sc_button color_style_default sc_button_default sc_button_size_normal sc_button_icon_left\"><span class=\"sc_button_text\"><span class=\"sc_button_title\">Agenda tu consulta hoy mismo<span class=\"trx_addons_icon-arrow\"><\/span><\/span><\/span><!-- \/.sc_button_text --><\/a><!-- \/.sc_button --><\/div><!-- \/.sc_item_button -->[vc_empty_space height=\u00bb6em\u00bb alter_height=\u00bbnone\u00bb hide_on_mobile=\u00bb\u00bb][\/vc_column][vc_column width=\u00bb1\/12&#8243;][\/vc_column][\/vc_row]<\/p>\n<\/div>","protected":false},"excerpt":{"rendered":"<p>[vc_row][vc_column][vc_empty_space height=\u00bb8.6em\u00bb alter_height=\u00bbnone\u00bb hide_on_mobile=\u00bb\u00bb][\/vc_column][vc_column width=\u00bb1\/2&#8243;][vc_single_image image=\u00bb1956&#8243; img_size=\u00bbfull\u00bb css=\u00bb\u00bb][vc_empty_space height=\u00bb4em\u00bb alter_height=\u00bbnone\u00bb hide_on_mobile=\u00bb\u00bb][\/vc_column][vc_column width=\u00bb1\/2&#8243;][vc_column_text css=\u00bb\u00bb] Hola, soy Alicia Salom. Soy abogada aut\u00f3noma desde 2010, licenciada en Derecho por la Universitat de les Illes Balears, y me dedico a ofrecer asesoramiento legal tanto a particulares como a empresas. Inici\u00e9 mi trayectoria realizando pr\u00e1cticas en un despacho en Manacor, donde adquir\u00ed una primera visi\u00f3n&hellip;<\/p>\n","protected":false},"author":2,"featured_media":0,"parent":0,"menu_order":0,"comment_status":"closed","ping_status":"closed","template":"","meta":{"footnotes":""},"class_list":["post-62","page","type-page","status-publish","hentry"],"yoast_head":"<!-- This site is optimized with the Yoast SEO plugin v25.7 - https:\/\/yoast.com\/wordpress\/plugins\/seo\/ -->\n<title>Sobre mi - Alicia Salom Abogada<\/title>\n<meta name=\"description\" content=\"Conoce a Alicia Salom Rubio, abogada especialista en derecho civil, familiar y mercantil, con experiencia en asesoramiento legal a particulares y empresas.\" \/>\n<meta name=\"robots\" content=\"index, follow, max-snippet:-1, max-image-preview:large, max-video-preview:-1\" \/>\n<link rel=\"canonical\" href=\"https:\/\/salomadvocada.es\/es\/sobre-mi\/\" \/>\n<meta property=\"og:locale\" content=\"es_ES\" \/>\n<meta property=\"og:type\" content=\"article\" \/>\n<meta property=\"og:title\" content=\"Sobre mi - Alicia Salom Abogada\" \/>\n<meta property=\"og:description\" content=\"Conoce a Alicia Salom Rubio, abogada especialista en derecho civil, familiar y mercantil, con experiencia en asesoramiento legal a particulares y empresas.\" \/>\n<meta property=\"og:url\" content=\"https:\/\/salomadvocada.es\/es\/sobre-mi\/\" \/>\n<meta property=\"og:site_name\" content=\"Alicia Salom\" \/>\n<meta property=\"article:modified_time\" content=\"2025-12-30T10:23:35+00:00\" \/>\n<meta name=\"twitter:card\" content=\"summary_large_image\" \/>\n<meta name=\"twitter:label1\" content=\"Tiempo de lectura\" \/>\n\t<meta name=\"twitter:data1\" content=\"2 minutos\" \/>\n<script type=\"application\/ld+json\" class=\"yoast-schema-graph\">{\"@context\":\"https:\/\/schema.org\",\"@graph\":[{\"@type\":\"WebPage\",\"@id\":\"https:\/\/salomadvocada.es\/es\/sobre-mi\/\",\"url\":\"https:\/\/salomadvocada.es\/es\/sobre-mi\/\",\"name\":\"Sobre mi - Alicia Salom Abogada\",\"isPartOf\":{\"@id\":\"https:\/\/salomadvocada.es\/es\/#website\"},\"datePublished\":\"2017-04-06T12:51:53+00:00\",\"dateModified\":\"2025-12-30T10:23:35+00:00\",\"description\":\"Conoce a Alicia Salom Rubio, abogada especialista en derecho civil, familiar y mercantil, con experiencia en asesoramiento legal a particulares y empresas.\",\"breadcrumb\":{\"@id\":\"https:\/\/salomadvocada.es\/es\/sobre-mi\/#breadcrumb\"},\"inLanguage\":\"es\",\"potentialAction\":[{\"@type\":\"ReadAction\",\"target\":[\"https:\/\/salomadvocada.es\/es\/sobre-mi\/\"]}]},{\"@type\":\"BreadcrumbList\",\"@id\":\"https:\/\/salomadvocada.es\/es\/sobre-mi\/#breadcrumb\",\"itemListElement\":[{\"@type\":\"ListItem\",\"position\":1,\"name\":\"Portada\",\"item\":\"https:\/\/salomadvocada.es\/es\/\"},{\"@type\":\"ListItem\",\"position\":2,\"name\":\"Sobre mi\"}]},{\"@type\":\"WebSite\",\"@id\":\"https:\/\/salomadvocada.es\/es\/#website\",\"url\":\"https:\/\/salomadvocada.es\/es\/\",\"name\":\"Alicia Salom\",\"description\":\"Advocada\",\"potentialAction\":[{\"@type\":\"SearchAction\",\"target\":{\"@type\":\"EntryPoint\",\"urlTemplate\":\"https:\/\/salomadvocada.es\/es\/?s={search_term_string}\"},\"query-input\":{\"@type\":\"PropertyValueSpecification\",\"valueRequired\":true,\"valueName\":\"search_term_string\"}}],\"inLanguage\":\"es\"}]}<\/script>\n<!-- \/ Yoast SEO plugin. -->","yoast_head_json":{"title":"Sobre mi - Alicia Salom Abogada","description":"Conoce a Alicia Salom Rubio, abogada especialista en derecho civil, familiar y mercantil, con experiencia en asesoramiento legal a particulares y empresas.","robots":{"index":"index","follow":"follow","max-snippet":"max-snippet:-1","max-image-preview":"max-image-preview:large","max-video-preview":"max-video-preview:-1"},"canonical":"https:\/\/salomadvocada.es\/es\/sobre-mi\/","og_locale":"es_ES","og_type":"article","og_title":"Sobre mi - Alicia Salom Abogada","og_description":"Conoce a Alicia Salom Rubio, abogada especialista en derecho civil, familiar y mercantil, con experiencia en asesoramiento legal a particulares y empresas.","og_url":"https:\/\/salomadvocada.es\/es\/sobre-mi\/","og_site_name":"Alicia Salom","article_modified_time":"2025-12-30T10:23:35+00:00","twitter_card":"summary_large_image","twitter_misc":{"Tiempo de lectura":"2 minutos"},"schema":{"@context":"https:\/\/schema.org","@graph":[{"@type":"WebPage","@id":"https:\/\/salomadvocada.es\/es\/sobre-mi\/","url":"https:\/\/salomadvocada.es\/es\/sobre-mi\/","name":"Sobre mi - Alicia Salom Abogada","isPartOf":{"@id":"https:\/\/salomadvocada.es\/es\/#website"},"datePublished":"2017-04-06T12:51:53+00:00","dateModified":"2025-12-30T10:23:35+00:00","description":"Conoce a Alicia Salom Rubio, abogada especialista en derecho civil, familiar y mercantil, con experiencia en asesoramiento legal a particulares y empresas.","breadcrumb":{"@id":"https:\/\/salomadvocada.es\/es\/sobre-mi\/#breadcrumb"},"inLanguage":"es","potentialAction":[{"@type":"ReadAction","target":["https:\/\/salomadvocada.es\/es\/sobre-mi\/"]}]},{"@type":"BreadcrumbList","@id":"https:\/\/salomadvocada.es\/es\/sobre-mi\/#breadcrumb","itemListElement":[{"@type":"ListItem","position":1,"name":"Portada","item":"https:\/\/salomadvocada.es\/es\/"},{"@type":"ListItem","position":2,"name":"Sobre mi"}]},{"@type":"WebSite","@id":"https:\/\/salomadvocada.es\/es\/#website","url":"https:\/\/salomadvocada.es\/es\/","name":"Alicia Salom","description":"Advocada","potentialAction":[{"@type":"SearchAction","target":{"@type":"EntryPoint","urlTemplate":"https:\/\/salomadvocada.es\/es\/?s={search_term_string}"},"query-input":{"@type":"PropertyValueSpecification","valueRequired":true,"valueName":"search_term_string"}}],"inLanguage":"es"}]}},"_links":{"self":[{"href":"https:\/\/salomadvocada.es\/es\/wp-json\/wp\/v2\/pages\/62","targetHints":{"allow":["GET"]}}],"collection":[{"href":"https:\/\/salomadvocada.es\/es\/wp-json\/wp\/v2\/pages"}],"about":[{"href":"https:\/\/salomadvocada.es\/es\/wp-json\/wp\/v2\/types\/page"}],"author":[{"embeddable":true,"href":"https:\/\/salomadvocada.es\/es\/wp-json\/wp\/v2\/users\/2"}],"replies":[{"embeddable":true,"href":"https:\/\/salomadvocada.es\/es\/wp-json\/wp\/v2\/comments?post=62"}],"version-history":[{"count":11,"href":"https:\/\/salomadvocada.es\/es\/wp-json\/wp\/v2\/pages\/62\/revisions"}],"predecessor-version":[{"id":1991,"href":"https:\/\/salomadvocada.es\/es\/wp-json\/wp\/v2\/pages\/62\/revisions\/1991"}],"wp:attachment":[{"href":"https:\/\/salomadvocada.es\/es\/wp-json\/wp\/v2\/media?parent=62"}],"curies":[{"name":"wp","href":"https:\/\/api.w.org\/{rel}","templated":true}]}}