{"id":1984,"date":"2025-12-30T11:42:28","date_gmt":"2025-12-30T09:42:28","guid":{"rendered":"https:\/\/salomadvocada.es\/?page_id=1984"},"modified":"2025-12-30T12:48:16","modified_gmt":"2025-12-30T10:48:16","slug":"politica-privacidad","status":"publish","type":"page","link":"https:\/\/salomadvocada.es\/es\/politica-privacidad\/","title":{"rendered":"Pol\u00edtica de Privacidad"},"content":{"rendered":"\n<h3 class=\"wp-block-heading\">POL\u00cdTICA DE PRIVACIDAD<\/h3>\n\n\n\n<p>En cumplimiento de lo dispuesto en el Reglamento (UE) 2016\/679 del Parlamento Europeo y del Consejo, de 27 de abril de 2016 (<strong>RGPD<\/strong>), y en la Ley Org\u00e1nica 3\/2018, de 5 de diciembre, de Protecci\u00f3n de Datos Personales y garant\u00eda de los derechos digitales (<strong>LOPDGDD<\/strong>), se informa al usuario sobre la forma en que se recogen, tratan y protegen los datos personales a trav\u00e9s del presente sitio web.<\/p>\n\n\n\n<hr class=\"wp-block-separator has-alpha-channel-opacity\"\/>\n\n\n\n<h3 class=\"wp-block-heading\">1. RESPONSABLE DEL TRATAMIENTO<\/h3>\n\n\n\n<p><strong>Titular:<\/strong> Alicia Salom Rubio<br><strong>NIF:<\/strong> 43141628E<br><strong>Domicilio:<\/strong> Calle Antoni Marqu\u00e9s, 18 bajos, 07003 Palma (Illes Balears), Espa\u00f1a<\/p>\n\n\n\n<hr class=\"wp-block-separator has-alpha-channel-opacity\"\/>\n\n\n\n<h3 class=\"wp-block-heading\">2. FINALIDAD DEL TRATAMIENTO DE DATOS<\/h3>\n\n\n\n<p>Los datos personales que el usuario proporcione a trav\u00e9s del sitio web podr\u00e1n ser utilizados para:<\/p>\n\n\n\n<ul class=\"wp-block-list\">\n<li>Atender solicitudes o consultas realizadas mediante los formularios de contacto.<\/li>\n\n\n\n<li>Enviar informaci\u00f3n comercial o promocional relacionada con los servicios ofrecidos (solo si se da el consentimiento).<\/li>\n\n\n\n<li>Mejorar la experiencia del usuario y la calidad del sitio web.<\/li>\n\n\n\n<li>Cumplir obligaciones legales.<\/li>\n<\/ul>\n\n\n\n<p>Los datos ser\u00e1n tratados de forma confidencial y \u00fanicamente para las finalidades para las que han sido recabados.<\/p>\n\n\n\n<hr class=\"wp-block-separator has-alpha-channel-opacity\"\/>\n\n\n\n<h3 class=\"wp-block-heading\">3. LEGITIMACI\u00d3N<\/h3>\n\n\n\n<p>El tratamiento de los datos se basa en:<\/p>\n\n\n\n<ul class=\"wp-block-list\">\n<li>El <strong>consentimiento<\/strong> del usuario, cuando proporciona sus datos mediante formularios o suscripciones.<\/li>\n\n\n\n<li>El cumplimiento de <strong>obligaciones legales<\/strong> aplicables a la actividad del responsable.<\/li>\n\n\n\n<li>El <strong>inter\u00e9s leg\u00edtimo<\/strong> en mejorar el servicio y garantizar la seguridad del sitio web.<\/li>\n<\/ul>\n\n\n\n<hr class=\"wp-block-separator has-alpha-channel-opacity\"\/>\n\n\n\n<h3 class=\"wp-block-heading\">4. CONSERVACI\u00d3N DE LOS DATOS<\/h3>\n\n\n\n<p>Los datos personales se conservar\u00e1n:<\/p>\n\n\n\n<ul class=\"wp-block-list\">\n<li>Mientras se mantenga la relaci\u00f3n con el usuario.<\/li>\n\n\n\n<li>Mientras no se solicite su supresi\u00f3n.<\/li>\n\n\n\n<li>Durante el plazo necesario para cumplir obligaciones legales.<\/li>\n<\/ul>\n\n\n\n<hr class=\"wp-block-separator has-alpha-channel-opacity\"\/>\n\n\n\n<h3 class=\"wp-block-heading\">5. DESTINATARIOS<\/h3>\n\n\n\n<p>No se ceder\u00e1n datos a terceros salvo obligaci\u00f3n legal o cuando sea estrictamente necesario para la prestaci\u00f3n de un servicio solicitado (por ejemplo, proveedores tecnol\u00f3gicos bajo contrato de confidencialidad).<\/p>\n\n\n\n<p>No se realizar\u00e1n transferencias internacionales de datos.<\/p>\n\n\n\n<hr class=\"wp-block-separator has-alpha-channel-opacity\"\/>\n\n\n\n<h3 class=\"wp-block-heading\">6. DERECHOS DE LOS USUARIOS<\/h3>\n\n\n\n<p>El usuario puede ejercer sus derechos en cualquier momento:<\/p>\n\n\n\n<ul class=\"wp-block-list\">\n<li><strong>Acceder<\/strong> a sus datos personales.<\/li>\n\n\n\n<li><strong>Rectificar<\/strong> los datos inexactos o incompletos.<\/li>\n\n\n\n<li><strong>Suprimir<\/strong> sus datos cuando ya no sean necesarios.<\/li>\n\n\n\n<li><strong>Limitar<\/strong> el tratamiento de sus datos.<\/li>\n\n\n\n<li><strong>Oponerse<\/strong> al tratamiento de sus datos.<\/li>\n\n\n\n<li><strong>Portar<\/strong> sus datos a otro responsable.<\/li>\n<\/ul>\n\n\n\n<p>Para ello, deber\u00e1 enviar una solicitud escrita, junto con copia de su DNI o documento equivalente, al correo electr\u00f3nico indicado o a la direcci\u00f3n postal arriba indicada.<\/p>\n\n\n\n<hr class=\"wp-block-separator has-alpha-channel-opacity\"\/>\n\n\n\n<h3 class=\"wp-block-heading\">7. SEGURIDAD DE LOS DATOS<\/h3>\n\n\n\n<p>Se han adoptado las medidas t\u00e9cnicas y organizativas necesarias para garantizar la seguridad, confidencialidad e integridad de los datos personales, y evitar su alteraci\u00f3n, p\u00e9rdida, tratamiento o acceso no autorizado.<\/p>\n\n\n\n<hr class=\"wp-block-separator has-alpha-channel-opacity\"\/>\n\n\n\n<h3 class=\"wp-block-heading\">8. CAMBIOS EN LA POL\u00cdTICA DE PRIVACIDAD<\/h3>\n\n\n\n<p>Esta pol\u00edtica puede actualizarse para adaptarse a cambios legislativos o a la evoluci\u00f3n del sitio web. Se recomienda revisar esta p\u00e1gina peri\u00f3dicamente.<\/p>\n","protected":false},"excerpt":{"rendered":"<p>POL\u00cdTICA DE PRIVACIDAD En cumplimiento de lo dispuesto en el Reglamento (UE) 2016\/679 del Parlamento Europeo y del Consejo, de 27 de abril de 2016 (RGPD), y en la Ley Org\u00e1nica 3\/2018, de 5 de diciembre, de Protecci\u00f3n de Datos Personales y garant\u00eda de los derechos digitales (LOPDGDD), se informa al usuario sobre la forma en que se recogen, tratan&hellip;<\/p>\n","protected":false},"author":1,"featured_media":0,"parent":0,"menu_order":0,"comment_status":"closed","ping_status":"closed","template":"","meta":{"footnotes":""},"class_list":["post-1984","page","type-page","status-publish","hentry"],"yoast_head":"<!-- This site is optimized with the Yoast SEO plugin v25.7 - https:\/\/yoast.com\/wordpress\/plugins\/seo\/ -->\n<title>Pol\u00edtica de Privacidad - Alicia Salom<\/title>\n<meta name=\"description\" content=\"Consulta la Pol\u00edtica de Privacidad de Salom Advocada para conocer c\u00f3mo protegemos y gestionamos tus datos personales en nuestro sitio web.\" \/>\n<meta name=\"robots\" content=\"index, follow, max-snippet:-1, max-image-preview:large, max-video-preview:-1\" \/>\n<link rel=\"canonical\" href=\"https:\/\/salomadvocada.es\/es\/politica-privacidad\/\" \/>\n<meta property=\"og:locale\" content=\"es_ES\" \/>\n<meta property=\"og:type\" content=\"article\" \/>\n<meta property=\"og:title\" content=\"Pol\u00edtica de Privacidad - Alicia Salom\" \/>\n<meta property=\"og:description\" content=\"Consulta la Pol\u00edtica de Privacidad de Salom Advocada para conocer c\u00f3mo protegemos y gestionamos tus datos personales en nuestro sitio web.\" \/>\n<meta property=\"og:url\" content=\"https:\/\/salomadvocada.es\/es\/politica-privacidad\/\" \/>\n<meta property=\"og:site_name\" content=\"Alicia Salom\" \/>\n<meta property=\"article:modified_time\" content=\"2025-12-30T10:48:16+00:00\" \/>\n<meta name=\"twitter:card\" content=\"summary_large_image\" \/>\n<meta name=\"twitter:label1\" content=\"Tiempo de lectura\" \/>\n\t<meta name=\"twitter:data1\" content=\"2 minutos\" \/>\n<script type=\"application\/ld+json\" class=\"yoast-schema-graph\">{\"@context\":\"https:\/\/schema.org\",\"@graph\":[{\"@type\":\"WebPage\",\"@id\":\"https:\/\/salomadvocada.es\/es\/politica-privacidad\/\",\"url\":\"https:\/\/salomadvocada.es\/es\/politica-privacidad\/\",\"name\":\"Pol\u00edtica de Privacidad - Alicia Salom\",\"isPartOf\":{\"@id\":\"https:\/\/salomadvocada.es\/es\/#website\"},\"datePublished\":\"2025-12-30T09:42:28+00:00\",\"dateModified\":\"2025-12-30T10:48:16+00:00\",\"description\":\"Consulta la Pol\u00edtica de Privacidad de Salom Advocada para conocer c\u00f3mo protegemos y gestionamos tus datos personales en nuestro sitio web.\",\"breadcrumb\":{\"@id\":\"https:\/\/salomadvocada.es\/es\/politica-privacidad\/#breadcrumb\"},\"inLanguage\":\"es\",\"potentialAction\":[{\"@type\":\"ReadAction\",\"target\":[\"https:\/\/salomadvocada.es\/es\/politica-privacidad\/\"]}]},{\"@type\":\"BreadcrumbList\",\"@id\":\"https:\/\/salomadvocada.es\/es\/politica-privacidad\/#breadcrumb\",\"itemListElement\":[{\"@type\":\"ListItem\",\"position\":1,\"name\":\"Portada\",\"item\":\"https:\/\/salomadvocada.es\/es\/\"},{\"@type\":\"ListItem\",\"position\":2,\"name\":\"Pol\u00edtica de Privacidad\"}]},{\"@type\":\"WebSite\",\"@id\":\"https:\/\/salomadvocada.es\/es\/#website\",\"url\":\"https:\/\/salomadvocada.es\/es\/\",\"name\":\"Alicia Salom\",\"description\":\"Advocada\",\"potentialAction\":[{\"@type\":\"SearchAction\",\"target\":{\"@type\":\"EntryPoint\",\"urlTemplate\":\"https:\/\/salomadvocada.es\/es\/?s={search_term_string}\"},\"query-input\":{\"@type\":\"PropertyValueSpecification\",\"valueRequired\":true,\"valueName\":\"search_term_string\"}}],\"inLanguage\":\"es\"}]}<\/script>\n<!-- \/ Yoast SEO plugin. -->","yoast_head_json":{"title":"Pol\u00edtica de Privacidad - Alicia Salom","description":"Consulta la Pol\u00edtica de Privacidad de Salom Advocada para conocer c\u00f3mo protegemos y gestionamos tus datos personales en nuestro sitio web.","robots":{"index":"index","follow":"follow","max-snippet":"max-snippet:-1","max-image-preview":"max-image-preview:large","max-video-preview":"max-video-preview:-1"},"canonical":"https:\/\/salomadvocada.es\/es\/politica-privacidad\/","og_locale":"es_ES","og_type":"article","og_title":"Pol\u00edtica de Privacidad - Alicia Salom","og_description":"Consulta la Pol\u00edtica de Privacidad de Salom Advocada para conocer c\u00f3mo protegemos y gestionamos tus datos personales en nuestro sitio web.","og_url":"https:\/\/salomadvocada.es\/es\/politica-privacidad\/","og_site_name":"Alicia Salom","article_modified_time":"2025-12-30T10:48:16+00:00","twitter_card":"summary_large_image","twitter_misc":{"Tiempo de lectura":"2 minutos"},"schema":{"@context":"https:\/\/schema.org","@graph":[{"@type":"WebPage","@id":"https:\/\/salomadvocada.es\/es\/politica-privacidad\/","url":"https:\/\/salomadvocada.es\/es\/politica-privacidad\/","name":"Pol\u00edtica de Privacidad - Alicia Salom","isPartOf":{"@id":"https:\/\/salomadvocada.es\/es\/#website"},"datePublished":"2025-12-30T09:42:28+00:00","dateModified":"2025-12-30T10:48:16+00:00","description":"Consulta la Pol\u00edtica de Privacidad de Salom Advocada para conocer c\u00f3mo protegemos y gestionamos tus datos personales en nuestro sitio web.","breadcrumb":{"@id":"https:\/\/salomadvocada.es\/es\/politica-privacidad\/#breadcrumb"},"inLanguage":"es","potentialAction":[{"@type":"ReadAction","target":["https:\/\/salomadvocada.es\/es\/politica-privacidad\/"]}]},{"@type":"BreadcrumbList","@id":"https:\/\/salomadvocada.es\/es\/politica-privacidad\/#breadcrumb","itemListElement":[{"@type":"ListItem","position":1,"name":"Portada","item":"https:\/\/salomadvocada.es\/es\/"},{"@type":"ListItem","position":2,"name":"Pol\u00edtica de Privacidad"}]},{"@type":"WebSite","@id":"https:\/\/salomadvocada.es\/es\/#website","url":"https:\/\/salomadvocada.es\/es\/","name":"Alicia Salom","description":"Advocada","potentialAction":[{"@type":"SearchAction","target":{"@type":"EntryPoint","urlTemplate":"https:\/\/salomadvocada.es\/es\/?s={search_term_string}"},"query-input":{"@type":"PropertyValueSpecification","valueRequired":true,"valueName":"search_term_string"}}],"inLanguage":"es"}]}},"_links":{"self":[{"href":"https:\/\/salomadvocada.es\/es\/wp-json\/wp\/v2\/pages\/1984","targetHints":{"allow":["GET"]}}],"collection":[{"href":"https:\/\/salomadvocada.es\/es\/wp-json\/wp\/v2\/pages"}],"about":[{"href":"https:\/\/salomadvocada.es\/es\/wp-json\/wp\/v2\/types\/page"}],"author":[{"embeddable":true,"href":"https:\/\/salomadvocada.es\/es\/wp-json\/wp\/v2\/users\/1"}],"replies":[{"embeddable":true,"href":"https:\/\/salomadvocada.es\/es\/wp-json\/wp\/v2\/comments?post=1984"}],"version-history":[{"count":2,"href":"https:\/\/salomadvocada.es\/es\/wp-json\/wp\/v2\/pages\/1984\/revisions"}],"predecessor-version":[{"id":2023,"href":"https:\/\/salomadvocada.es\/es\/wp-json\/wp\/v2\/pages\/1984\/revisions\/2023"}],"wp:attachment":[{"href":"https:\/\/salomadvocada.es\/es\/wp-json\/wp\/v2\/media?parent=1984"}],"curies":[{"name":"wp","href":"https:\/\/api.w.org\/{rel}","templated":true}]}}