{"id":1980,"date":"2025-12-30T11:10:46","date_gmt":"2025-12-30T09:10:46","guid":{"rendered":"https:\/\/salomadvocada.es\/?page_id=1980"},"modified":"2025-12-30T12:24:40","modified_gmt":"2025-12-30T10:24:40","slug":"aviso-legal","status":"publish","type":"page","link":"https:\/\/salomadvocada.es\/es\/aviso-legal\/","title":{"rendered":"Aviso Legal"},"content":{"rendered":"\n<h3 class=\"wp-block-heading\">AVISO LEGAL<\/h3>\n\n\n\n<p>En cumplimiento con el deber de informaci\u00f3n recogido en el art\u00edculo 10 de la Ley 34\/2002, de 11 de julio, de Servicios de la Sociedad de la Informaci\u00f3n y del Comercio Electr\u00f3nico, se detallan a continuaci\u00f3n los datos del titular del sitio web:<\/p>\n\n\n\n<p><strong>Titular:<\/strong> Alicia Salom Rubio<br><strong>NIF:<\/strong> 43141628E<br><strong>Domicilio:<\/strong> Calle Antoni Marqu\u00e9s, 18 bajos, 07003 Palma (Illes Balears), Espa\u00f1a<\/p>\n\n\n\n<hr class=\"wp-block-separator has-alpha-channel-opacity\"\/>\n\n\n\n<h3 class=\"wp-block-heading\">OBJETO<\/h3>\n\n\n\n<p>El presente aviso legal regula el uso del sitio web titularidad de Alicia Salom Rubio (en adelante, \u201cla Titular\u201d). La navegaci\u00f3n por este sitio web atribuye la condici\u00f3n de usuario del mismo e implica la aceptaci\u00f3n plena y sin reservas de todas y cada una de las disposiciones incluidas en este Aviso Legal, que pueden sufrir modificaciones.<\/p>\n\n\n\n<hr class=\"wp-block-separator has-alpha-channel-opacity\"\/>\n\n\n\n<h3 class=\"wp-block-heading\">CONDICIONES DE USO<\/h3>\n\n\n\n<p>El usuario se compromete a hacer un uso adecuado de los contenidos y servicios que se ofrecen desde esta web, y a no emplearlos para incurrir en actividades il\u00edcitas, ilegales o contrarias a la buena fe y al orden p\u00fablico.<\/p>\n\n\n\n<hr class=\"wp-block-separator has-alpha-channel-opacity\"\/>\n\n\n\n<h3 class=\"wp-block-heading\">PROPIEDAD INTELECTUAL E INDUSTRIAL<\/h3>\n\n\n\n<p>Todos los contenidos del sitio web (textos, im\u00e1genes, marcas, logotipos, archivos de audio, software, etc.) son propiedad de la Titular o de terceros, y est\u00e1n protegidos por la legislaci\u00f3n vigente en materia de propiedad intelectual e industrial.<\/p>\n\n\n\n<p>Queda prohibida su reproducci\u00f3n total o parcial, distribuci\u00f3n, comunicaci\u00f3n p\u00fablica o transformaci\u00f3n, sin la autorizaci\u00f3n expresa de la Titular.<\/p>\n\n\n\n<hr class=\"wp-block-separator has-alpha-channel-opacity\"\/>\n\n\n\n<h3 class=\"wp-block-heading\">RESPONSABILIDAD<\/h3>\n\n\n\n<p>La Titular no se hace responsable de los errores u omisiones en los contenidos del sitio web ni de los da\u00f1os derivados de su uso, ni de la actuaci\u00f3n que se realice en base a la informaci\u00f3n contenida en el mismo.<\/p>\n\n\n\n<hr class=\"wp-block-separator has-alpha-channel-opacity\"\/>\n\n\n\n<h3 class=\"wp-block-heading\">ENLACES A TERCEROS<\/h3>\n\n\n\n<p>En caso de que se dispongan enlaces a otros sitios web, la Titular no ejercer\u00e1 ning\u00fan tipo de control sobre dichos sitios y contenidos. En ning\u00fan caso asumir\u00e1 responsabilidad alguna por los contenidos de alg\u00fan enlace perteneciente a un sitio web ajeno.<\/p>\n\n\n\n<hr class=\"wp-block-separator has-alpha-channel-opacity\"\/>\n\n\n\n<h3 class=\"wp-block-heading\">LEGISLACI\u00d3N APLICABLE<\/h3>\n\n\n\n<p>La relaci\u00f3n entre la Titular y el usuario se regir\u00e1 por la normativa espa\u00f1ola vigente, y cualquier controversia se someter\u00e1 a los Juzgados y Tribunales de Palma, salvo que la normativa de protecci\u00f3n de consumidores y usuarios establezca otra cosa.<\/p>\n","protected":false},"excerpt":{"rendered":"<p>AVISO LEGAL En cumplimiento con el deber de informaci\u00f3n recogido en el art\u00edculo 10 de la Ley 34\/2002, de 11 de julio, de Servicios de la Sociedad de la Informaci\u00f3n y del Comercio Electr\u00f3nico, se detallan a continuaci\u00f3n los datos del titular del sitio web: Titular: Alicia Salom RubioNIF: 43141628EDomicilio: Calle Antoni Marqu\u00e9s, 18 bajos, 07003 Palma (Illes Balears), Espa\u00f1a&hellip;<\/p>\n","protected":false},"author":1,"featured_media":0,"parent":0,"menu_order":0,"comment_status":"closed","ping_status":"closed","template":"","meta":{"footnotes":""},"class_list":["post-1980","page","type-page","status-publish","hentry"],"yoast_head":"<!-- This site is optimized with the Yoast SEO plugin v25.7 - https:\/\/yoast.com\/wordpress\/plugins\/seo\/ -->\n<title>Aviso Legal - Alicia Salom Abogada<\/title>\n<meta name=\"description\" content=\"Consulta el Aviso Legal de Salom Advocada, con informaci\u00f3n sobre propiedad del sitio, responsabilidades y condiciones de uso.\" \/>\n<meta name=\"robots\" content=\"index, follow, max-snippet:-1, max-image-preview:large, max-video-preview:-1\" \/>\n<link rel=\"canonical\" href=\"https:\/\/salomadvocada.es\/es\/aviso-legal\/\" \/>\n<meta property=\"og:locale\" content=\"es_ES\" \/>\n<meta property=\"og:type\" content=\"article\" \/>\n<meta property=\"og:title\" content=\"Aviso Legal - Alicia Salom Abogada\" \/>\n<meta property=\"og:description\" content=\"Consulta el Aviso Legal de Salom Advocada, con informaci\u00f3n sobre propiedad del sitio, responsabilidades y condiciones de uso.\" \/>\n<meta property=\"og:url\" content=\"https:\/\/salomadvocada.es\/es\/aviso-legal\/\" \/>\n<meta property=\"og:site_name\" content=\"Alicia Salom\" \/>\n<meta property=\"article:modified_time\" content=\"2025-12-30T10:24:40+00:00\" \/>\n<meta name=\"twitter:card\" content=\"summary_large_image\" \/>\n<meta name=\"twitter:label1\" content=\"Tiempo de lectura\" \/>\n\t<meta name=\"twitter:data1\" content=\"2 minutos\" \/>\n<script type=\"application\/ld+json\" class=\"yoast-schema-graph\">{\"@context\":\"https:\/\/schema.org\",\"@graph\":[{\"@type\":\"WebPage\",\"@id\":\"https:\/\/salomadvocada.es\/es\/aviso-legal\/\",\"url\":\"https:\/\/salomadvocada.es\/es\/aviso-legal\/\",\"name\":\"Aviso Legal - Alicia Salom Abogada\",\"isPartOf\":{\"@id\":\"https:\/\/salomadvocada.es\/es\/#website\"},\"datePublished\":\"2025-12-30T09:10:46+00:00\",\"dateModified\":\"2025-12-30T10:24:40+00:00\",\"description\":\"Consulta el Aviso Legal de Salom Advocada, con informaci\u00f3n sobre propiedad del sitio, responsabilidades y condiciones de uso.\",\"breadcrumb\":{\"@id\":\"https:\/\/salomadvocada.es\/es\/aviso-legal\/#breadcrumb\"},\"inLanguage\":\"es\",\"potentialAction\":[{\"@type\":\"ReadAction\",\"target\":[\"https:\/\/salomadvocada.es\/es\/aviso-legal\/\"]}]},{\"@type\":\"BreadcrumbList\",\"@id\":\"https:\/\/salomadvocada.es\/es\/aviso-legal\/#breadcrumb\",\"itemListElement\":[{\"@type\":\"ListItem\",\"position\":1,\"name\":\"Portada\",\"item\":\"https:\/\/salomadvocada.es\/es\/\"},{\"@type\":\"ListItem\",\"position\":2,\"name\":\"Aviso Legal\"}]},{\"@type\":\"WebSite\",\"@id\":\"https:\/\/salomadvocada.es\/es\/#website\",\"url\":\"https:\/\/salomadvocada.es\/es\/\",\"name\":\"Alicia Salom\",\"description\":\"Advocada\",\"potentialAction\":[{\"@type\":\"SearchAction\",\"target\":{\"@type\":\"EntryPoint\",\"urlTemplate\":\"https:\/\/salomadvocada.es\/es\/?s={search_term_string}\"},\"query-input\":{\"@type\":\"PropertyValueSpecification\",\"valueRequired\":true,\"valueName\":\"search_term_string\"}}],\"inLanguage\":\"es\"}]}<\/script>\n<!-- \/ Yoast SEO plugin. -->","yoast_head_json":{"title":"Aviso Legal - Alicia Salom Abogada","description":"Consulta el Aviso Legal de Salom Advocada, con informaci\u00f3n sobre propiedad del sitio, responsabilidades y condiciones de uso.","robots":{"index":"index","follow":"follow","max-snippet":"max-snippet:-1","max-image-preview":"max-image-preview:large","max-video-preview":"max-video-preview:-1"},"canonical":"https:\/\/salomadvocada.es\/es\/aviso-legal\/","og_locale":"es_ES","og_type":"article","og_title":"Aviso Legal - Alicia Salom Abogada","og_description":"Consulta el Aviso Legal de Salom Advocada, con informaci\u00f3n sobre propiedad del sitio, responsabilidades y condiciones de uso.","og_url":"https:\/\/salomadvocada.es\/es\/aviso-legal\/","og_site_name":"Alicia Salom","article_modified_time":"2025-12-30T10:24:40+00:00","twitter_card":"summary_large_image","twitter_misc":{"Tiempo de lectura":"2 minutos"},"schema":{"@context":"https:\/\/schema.org","@graph":[{"@type":"WebPage","@id":"https:\/\/salomadvocada.es\/es\/aviso-legal\/","url":"https:\/\/salomadvocada.es\/es\/aviso-legal\/","name":"Aviso Legal - Alicia Salom Abogada","isPartOf":{"@id":"https:\/\/salomadvocada.es\/es\/#website"},"datePublished":"2025-12-30T09:10:46+00:00","dateModified":"2025-12-30T10:24:40+00:00","description":"Consulta el Aviso Legal de Salom Advocada, con informaci\u00f3n sobre propiedad del sitio, responsabilidades y condiciones de uso.","breadcrumb":{"@id":"https:\/\/salomadvocada.es\/es\/aviso-legal\/#breadcrumb"},"inLanguage":"es","potentialAction":[{"@type":"ReadAction","target":["https:\/\/salomadvocada.es\/es\/aviso-legal\/"]}]},{"@type":"BreadcrumbList","@id":"https:\/\/salomadvocada.es\/es\/aviso-legal\/#breadcrumb","itemListElement":[{"@type":"ListItem","position":1,"name":"Portada","item":"https:\/\/salomadvocada.es\/es\/"},{"@type":"ListItem","position":2,"name":"Aviso Legal"}]},{"@type":"WebSite","@id":"https:\/\/salomadvocada.es\/es\/#website","url":"https:\/\/salomadvocada.es\/es\/","name":"Alicia Salom","description":"Advocada","potentialAction":[{"@type":"SearchAction","target":{"@type":"EntryPoint","urlTemplate":"https:\/\/salomadvocada.es\/es\/?s={search_term_string}"},"query-input":{"@type":"PropertyValueSpecification","valueRequired":true,"valueName":"search_term_string"}}],"inLanguage":"es"}]}},"_links":{"self":[{"href":"https:\/\/salomadvocada.es\/es\/wp-json\/wp\/v2\/pages\/1980","targetHints":{"allow":["GET"]}}],"collection":[{"href":"https:\/\/salomadvocada.es\/es\/wp-json\/wp\/v2\/pages"}],"about":[{"href":"https:\/\/salomadvocada.es\/es\/wp-json\/wp\/v2\/types\/page"}],"author":[{"embeddable":true,"href":"https:\/\/salomadvocada.es\/es\/wp-json\/wp\/v2\/users\/1"}],"replies":[{"embeddable":true,"href":"https:\/\/salomadvocada.es\/es\/wp-json\/wp\/v2\/comments?post=1980"}],"version-history":[{"count":2,"href":"https:\/\/salomadvocada.es\/es\/wp-json\/wp\/v2\/pages\/1980\/revisions"}],"predecessor-version":[{"id":2017,"href":"https:\/\/salomadvocada.es\/es\/wp-json\/wp\/v2\/pages\/1980\/revisions\/2017"}],"wp:attachment":[{"href":"https:\/\/salomadvocada.es\/es\/wp-json\/wp\/v2\/media?parent=1980"}],"curies":[{"name":"wp","href":"https:\/\/api.w.org\/{rel}","templated":true}]}}